{"id":215,"date":"2026-01-12T20:13:41","date_gmt":"2026-01-12T19:13:41","guid":{"rendered":"https:\/\/amlconsult.cz\/?page_id=215"},"modified":"2026-01-15T12:08:36","modified_gmt":"2026-01-15T11:08:36","slug":"faq","status":"publish","type":"page","link":"https:\/\/amlconsult.cz\/en\/domu\/faq\/","title":{"rendered":"Frequently asked questions"},"content":{"rendered":"<div class=\"wp-block-group alignfull is-style-ext-preset--group--natural-1--section has-background-background-color has-background has-global-padding is-layout-constrained wp-container-core-group-is-layout-e955bbaf wp-block-group-is-layout-constrained\" style=\"margin-top:0;margin-bottom:0;padding-top:var(--wp--preset--spacing--70);padding-bottom:var(--wp--preset--spacing--70)\">\n<div class=\"wp-block-group alignwide is-vertical is-content-justification-center is-layout-flex wp-container-core-group-is-layout-c9ee0c5a wp-block-group-is-layout-flex\">\n<div class=\"wp-block-group has-global-padding is-layout-constrained wp-container-core-group-is-layout-2287c683 wp-block-group-is-layout-constrained\">\n<h2 class=\"wp-block-heading has-text-align-center\">Find answers to the most frequently asked questions about AML and our services.<\/h2>\n\n\n\n<p class=\"has-text-align-center\">Here you will find aswers to the most common questions to save time when searching for information.<\/p>\n<\/div>\n<\/div>\n\n\n\n<div class=\"wp-block-group alignwide has-global-padding is-content-justification-center is-layout-constrained wp-container-core-group-is-layout-8f997a6a wp-block-group-is-layout-constrained\">\n<div class=\"wp-block-group is-style-ext-preset--group--natural-1--item-card-1--align-start is-layout-flow wp-block-group-is-layout-flow is-style-ext-preset--group--natural-1--item-card-1--align-start--2\">\n<div class=\"wp-block-group is-style-default is-layout-flow wp-block-group-is-layout-flow\">\n<h3 class=\"wp-block-heading\">Where can I find the information whether I am an obliged entity?<\/h3>\n\n\n\n<p class=\"translation-block\">Obliged entities are defined in Section 2 of the \u201cAML Act\u201d (Act No. 253\/2008 Coll., on Certain Measures against Money Laundering and Terrorist Financing). For these entities, the AML obligations apply to all of their business activities. A typical example of such an obliged entity is a bank.\nHowever, there are also obliged entities with a specific field or scope of business \u2013 these fields are again listed in the Act \u2013 for which the AML obligations apply only to that specific area.\nAn example of such an obliged entity may be a tax adviser or an accountant.\nThe current version of the Act is available on the website of the Financial Analytical Office (FA\u00da).<\/p>\n<\/div>\n<\/div>\n\n\n\n<div class=\"wp-block-group is-style-ext-preset--group--natural-1--item-card-1--align-start is-layout-flow wp-block-group-is-layout-flow is-style-ext-preset--group--natural-1--item-card-1--align-start--3\">\n<div class=\"wp-block-group is-style-default is-layout-flow wp-block-group-is-layout-flow\">\n<h3 class=\"wp-block-heading\">If I am an obliged entity, what does that mean? What do I need to do?<\/h3>\n\n\n\n<p>Among the basic obligations of obliged entities are the identification and verification of the client, refusal to carry out (suspicious) transactions, retention of data, as well as the implementation and application of an Internal Policies, Procedures and Control Measures System to fulfil the obligations set out by the AML Act (including risk assessment), designation of contact persons for fulfilling the reporting obligation, conducting employee training (at least once every 12 months), and the so-called information obligation.<\/p>\n<\/div>\n<\/div>\n\n\n\n<div class=\"wp-block-group is-style-ext-preset--group--natural-1--item-card-1--align-start is-layout-flow wp-block-group-is-layout-flow is-style-ext-preset--group--natural-1--item-card-1--align-start--4\">\n<div class=\"wp-block-group is-style-default is-layout-flow wp-block-group-is-layout-flow\">\n<h3 class=\"wp-block-heading\">What do the terms client identification and client control mean? <\/h3>\n\n\n\n<p class=\"translation-block\">The obliged entity must always carry out client identification before establishing a business relationship, before executing a transaction exceeding EUR 1,000, or in other cases specified in Section 7 of the AML Act. In simple terms, client identification means obtaining identification data and verifying this data from reliable sources.\nClient verification is an activity aimed at ensuring that the obliged entity can detect any potentially suspicious transaction. The minimum scope of verification is set out in Section 9, paragraph 2 of the AML Act.<\/p>\n<\/div>\n<\/div>\n\n\n\n<div class=\"wp-block-group is-style-ext-preset--group--natural-1--item-card-1--align-start is-layout-flow wp-block-group-is-layout-flow is-style-ext-preset--group--natural-1--item-card-1--align-start--5\">\n<div class=\"wp-block-group is-style-default is-layout-flow wp-block-group-is-layout-flow\">\n<h3 class=\"wp-block-heading\">Where can I find comprehensive information on Anti Money Laundering (AML) and Countering the Financing of Terrorism (CFT)?<\/h3>\n\n\n\n<p>Mnoho aktu\u00e1ln\u00edch informac\u00ed najdete na str\u00e1nk\u00e1ch:<br><a href=\"https:\/\/www.fau.gov.cz\/\" target=\"_blank\" rel=\"noopener nofollow\" title=\"\">https:\/\/www.fau.gov.cz\/<\/a><br><a href=\"https:\/\/www.fatf-gafi.org\/en\/home.html\" target=\"_blank\" rel=\"noopener nofollow\" title=\"\">https:\/\/www.fatf-gafi.org\/en\/home.html<\/a><br><a href=\"https:\/\/www.coe.int\/en\/web\/moneyval\/home\" target=\"_blank\" rel=\"noopener nofollow\" title=\"\">https:\/\/www.coe.int\/en\/web\/moneyval\/home<\/a><br><br><\/p>\n<\/div>\n<\/div>\n<\/div>\n<\/div>","protected":false},"excerpt":{"rendered":"<p>Najd\u011bte odpov\u011bdi na nej\u010dast\u011bj\u0161\u00ed ot\u00e1zky t\u00fdkaj\u00edc\u00ed se AML a na\u0161ich slu\u017eeb Zde najdete \u0159e\u0161en\u00ed nej\u010dast\u011bj\u0161\u00edch dotaz\u016f, abyste u\u0161et\u0159ili \u010das p\u0159i hled\u00e1n\u00ed informac\u00ed. Kde najdu informaci o tom, zda jsem povinnou osobou? Povinn\u00e9 osoby jsou definov\u00e1ny v \u00a7 2 &#8222;AML z\u00e1kona&#8220; (z\u00e1kon 253\/2008 Sb., o n\u011bkter\u00fdch opat\u0159en\u00edch proti legalizaci v\u00fdnos\u016f z trestn\u00e9 \u010dinnosti a financov\u00e1n\u00ed terorismu). [&hellip;]<\/p>\n","protected":false},"author":1,"featured_media":0,"parent":72,"menu_order":0,"comment_status":"closed","ping_status":"closed","template":"page-with-title","meta":{"_monsterinsights_skip_tracking":false,"_monsterinsights_sitenote_active":false,"_monsterinsights_sitenote_note":"","_monsterinsights_sitenote_category":0,"_uf_show_specific_survey":0,"_uf_disable_surveys":false,"footnotes":""},"class_list":["post-215","page","type-page","status-publish","hentry"],"aioseo_notices":[],"_links":{"self":[{"href":"https:\/\/amlconsult.cz\/en\/wp-json\/wp\/v2\/pages\/215","targetHints":{"allow":["GET"]}}],"collection":[{"href":"https:\/\/amlconsult.cz\/en\/wp-json\/wp\/v2\/pages"}],"about":[{"href":"https:\/\/amlconsult.cz\/en\/wp-json\/wp\/v2\/types\/page"}],"author":[{"embeddable":true,"href":"https:\/\/amlconsult.cz\/en\/wp-json\/wp\/v2\/users\/1"}],"replies":[{"embeddable":true,"href":"https:\/\/amlconsult.cz\/en\/wp-json\/wp\/v2\/comments?post=215"}],"version-history":[{"count":28,"href":"https:\/\/amlconsult.cz\/en\/wp-json\/wp\/v2\/pages\/215\/revisions"}],"predecessor-version":[{"id":327,"href":"https:\/\/amlconsult.cz\/en\/wp-json\/wp\/v2\/pages\/215\/revisions\/327"}],"up":[{"embeddable":true,"href":"https:\/\/amlconsult.cz\/en\/wp-json\/wp\/v2\/pages\/72"}],"wp:attachment":[{"href":"https:\/\/amlconsult.cz\/en\/wp-json\/wp\/v2\/media?parent=215"}],"curies":[{"name":"wp","href":"https:\/\/api.w.org\/{rel}","templated":true}]}}