{"id":70,"date":"2026-01-10T20:18:03","date_gmt":"2026-01-10T19:18:03","guid":{"rendered":"https:\/\/amlconsult.cz\/kontakt\/"},"modified":"2026-01-14T11:36:57","modified_gmt":"2026-01-14T10:36:57","slug":"kontakt","status":"publish","type":"page","link":"https:\/\/amlconsult.cz\/en\/domu\/kontakt\/","title":{"rendered":"Contact us"},"content":{"rendered":"<h2 class=\"wp-block-heading\">How can you contact us?<\/h2>\n\n\n\n<div class=\"wp-block-group alignfull is-style-ext-preset--group--natural-1--section has-background-background-color has-background has-global-padding is-layout-constrained wp-block-group-is-layout-constrained\" id=\"kontakt\" style=\"margin-top:0;margin-bottom:0;padding-top:var(--wp--preset--spacing--70);padding-bottom:var(--wp--preset--spacing--70)\">\n<div class=\"wp-block-columns alignwide is-style-ext-preset--media-text--natural-1--card-1 has-tertiary-background-color has-background is-layout-flex wp-container-core-columns-is-layout-28f84493 wp-block-columns-is-layout-flex\">\n<div class=\"wp-block-column is-layout-flow wp-block-column-is-layout-flow\" style=\"flex-basis:48%\">\n<figure class=\"wp-block-image\"><img loading=\"lazy\" decoding=\"async\" width=\"1080\" height=\"720\" src=\"https:\/\/amlconsult.cz\/wp-content\/uploads\/2026\/01\/image-10.jpg\" alt=\"\" class=\"wp-image-278\" srcset=\"https:\/\/amlconsult.cz\/wp-content\/uploads\/2026\/01\/image-10.jpg 1080w, https:\/\/amlconsult.cz\/wp-content\/uploads\/2026\/01\/image-10-300x200.jpg 300w, https:\/\/amlconsult.cz\/wp-content\/uploads\/2026\/01\/image-10-1024x683.jpg 1024w, https:\/\/amlconsult.cz\/wp-content\/uploads\/2026\/01\/image-10-768x512.jpg 768w, https:\/\/amlconsult.cz\/wp-content\/uploads\/2026\/01\/image-10-18x12.jpg 18w\" sizes=\"auto, (max-width: 1080px) 100vw, 1080px\" \/><\/figure>\n<\/div>\n\n\n\n<div class=\"wp-block-column is-layout-flow wp-block-column-is-layout-flow\" style=\"flex-basis:52%\">\n<p>If our offer interests you, we will gladly prepare a specific price quote for you. We are also happy to answer any questions you may have and greatly appreciate your feedback.<\/p>\n\n\n\n<p>You can reach us on:<\/p>\n\n\n\n<p>AMLConsult.cz@outlook.com<br>+420 774 111 762<br><\/p>\n\n\n\n<p class=\"translation-block\">\u2026and of course you can also find us on https:\/\/www.linkedin.com\/in\/gabriela-sibai\/.<\/p>\n<\/div>\n<\/div>\n<\/div>","protected":false},"excerpt":{"rendered":"<p>Jak n\u00e1s m\u016f\u017eete kontaktovat? Pokud V\u00e1s na\u0161e nab\u00eddka zaujala, r\u00e1di V\u00e1m p\u0159iprav\u00edme konkr\u00e9tn\u00ed cenovou kalkulaci. Stejn\u011b tak ochotn\u011b zodpov\u00edme jak\u00fdkoli dotaz. Velmi si v\u00e1\u017e\u00edme i Va\u0161\u00ed zp\u011btn\u00e9 vazby. Kontaktovat n\u00e1s m\u016f\u017eete zde: AMLConsult.cz@outlook.com+420 774 111 762 &#8230;a samoz\u0159ejm\u011b n\u00e1s najdete i na LinkedIn<\/p>","protected":false},"author":1,"featured_media":0,"parent":72,"menu_order":0,"comment_status":"closed","ping_status":"closed","template":"page-with-title","meta":{"_monsterinsights_skip_tracking":false,"_monsterinsights_sitenote_active":false,"_monsterinsights_sitenote_note":"","_monsterinsights_sitenote_category":0,"_uf_show_specific_survey":0,"_uf_disable_surveys":false,"footnotes":""},"class_list":["post-70","page","type-page","status-publish","hentry"],"aioseo_notices":[],"_links":{"self":[{"href":"https:\/\/amlconsult.cz\/en\/wp-json\/wp\/v2\/pages\/70","targetHints":{"allow":["GET"]}}],"collection":[{"href":"https:\/\/amlconsult.cz\/en\/wp-json\/wp\/v2\/pages"}],"about":[{"href":"https:\/\/amlconsult.cz\/en\/wp-json\/wp\/v2\/types\/page"}],"author":[{"embeddable":true,"href":"https:\/\/amlconsult.cz\/en\/wp-json\/wp\/v2\/users\/1"}],"replies":[{"embeddable":true,"href":"https:\/\/amlconsult.cz\/en\/wp-json\/wp\/v2\/comments?post=70"}],"version-history":[{"count":22,"href":"https:\/\/amlconsult.cz\/en\/wp-json\/wp\/v2\/pages\/70\/revisions"}],"predecessor-version":[{"id":282,"href":"https:\/\/amlconsult.cz\/en\/wp-json\/wp\/v2\/pages\/70\/revisions\/282"}],"up":[{"embeddable":true,"href":"https:\/\/amlconsult.cz\/en\/wp-json\/wp\/v2\/pages\/72"}],"wp:attachment":[{"href":"https:\/\/amlconsult.cz\/en\/wp-json\/wp\/v2\/media?parent=70"}],"curies":[{"name":"wp","href":"https:\/\/api.w.org\/{rel}","templated":true}]}}