{"id":72,"date":"2026-01-10T20:18:06","date_gmt":"2026-01-10T19:18:06","guid":{"rendered":"https:\/\/amlconsult.cz\/domu\/"},"modified":"2026-02-11T11:37:37","modified_gmt":"2026-02-11T10:37:37","slug":"domu","status":"publish","type":"page","link":"https:\/\/amlconsult.cz\/en\/","title":{"rendered":"Home"},"content":{"rendered":"<div class=\"wp-block-group alignfull is-style-ext-preset--group--natural-1--section has-background-background-color has-background has-global-padding is-layout-constrained wp-block-group-is-layout-constrained\" style=\"margin-top:0;margin-bottom:0;padding-top:var(--wp--preset--spacing--50);padding-bottom:var(--wp--preset--spacing--70)\">\n<div class=\"wp-block-columns alignwide is-layout-flex wp-container-core-columns-is-layout-08c01c1c wp-block-columns-is-layout-flex\">\n<div class=\"wp-block-column is-vertically-aligned-stretch is-layout-flow wp-block-column-is-layout-flow\">\n<div class=\"wp-block-group alignwide is-style-ext-preset--group--natural-1--item-card-1--align-start has-tertiary-background-color has-background is-nowrap is-layout-flex wp-container-core-group-is-layout-bcde1d39 wp-block-group-is-layout-flex is-style-ext-preset--group--natural-1--item-card-1--align-start--2\" style=\"min-height:100%;padding-top:0;padding-right:0;padding-bottom:0;padding-left:0\">\n<div class=\"wp-block-group alignwide is-vertical is-layout-flex wp-container-core-group-is-layout-fa0d61a1 wp-block-group-is-layout-flex\" style=\"padding-top:var(--wp--preset--spacing--50);padding-right:var(--wp--preset--spacing--50);padding-bottom:var(--wp--preset--spacing--50);padding-left:var(--wp--preset--spacing--50)\">\n<div class=\"wp-block-group has-global-padding is-layout-constrained wp-container-core-group-is-layout-812d5580 wp-block-group-is-layout-constrained\" style=\"padding-top:0;padding-right:0;padding-bottom:0;padding-left:0\">\n<h2 class=\"wp-block-heading has-xx-large-font-size translation-block\">Professional consulting services in anti money laundering area<\/h2>\n\n\n\n<p style=\"font-size:clamp(14px, 0.875rem + ((1vw - 3.2px) * 0.417), 18px);\">Compliance is not just an obligation; it is the foundation of trustworthy business. Our expert services in Anti-Money Laundering (AML) will help you effectively design relevant processes, meet regulatory requirements and safeguard your company\u2019s reputation.<\/p>\n<\/div>\n\n\n\n<div class=\"wp-block-buttons is-layout-flex wp-block-buttons-is-layout-flex\">\n<div class=\"wp-block-button is-style-ext-preset--button--natural-1--button-1 is-style-ext-preset--button--natural-1--button-1--3\"><a class=\"wp-block-button__link wp-element-button\" href=\"https:\/\/amlconsult.cz\/en\/domu\/sluzby\/\">Learn more<\/a><\/div>\n<\/div>\n<\/div>\n<\/div>\n<\/div>\n\n\n\n<div class=\"wp-block-column is-vertically-aligned-stretch is-layout-flow wp-block-column-is-layout-flow\">\n<div class=\"wp-block-cover is-style-ext-preset--image--natural-1--image-1--content-right is-style-ext-preset--image--natural-1--image-1--content-right--4\" style=\"min-height:100%;aspect-ratio:unset;\"><img loading=\"lazy\" decoding=\"async\" width=\"1080\" height=\"1440\" class=\"wp-block-cover__image-background wp-image-161\" alt=\"\" src=\"https:\/\/amlconsult.cz\/wp-content\/uploads\/2026\/01\/image-9.jpg\" data-object-fit=\"cover\" srcset=\"https:\/\/amlconsult.cz\/wp-content\/uploads\/2026\/01\/image-9.jpg 1080w, https:\/\/amlconsult.cz\/wp-content\/uploads\/2026\/01\/image-9-225x300.jpg 225w, https:\/\/amlconsult.cz\/wp-content\/uploads\/2026\/01\/image-9-768x1024.jpg 768w, https:\/\/amlconsult.cz\/wp-content\/uploads\/2026\/01\/image-9-9x12.jpg 9w\" sizes=\"auto, (max-width: 1080px) 100vw, 1080px\" \/><span aria-hidden=\"true\" class=\"wp-block-cover__background has-background-dim-0 has-background-dim\"><\/span><div class=\"wp-block-cover__inner-container is-layout-flow wp-block-cover-is-layout-flow\">\n<div style=\"height:320px\" aria-hidden=\"true\" class=\"wp-block-spacer\"><\/div>\n<\/div><\/div>\n<\/div>\n<\/div>\n<\/div>\n\n\n\n<div class=\"wp-block-group alignfull is-style-ext-preset--group--natural-1--section has-tertiary-background-color has-background has-global-padding is-layout-constrained wp-block-group-is-layout-constrained\" id=\"o-nas\" style=\"margin-top:0;margin-bottom:0;padding-top:var(--wp--preset--spacing--70);padding-bottom:var(--wp--preset--spacing--70)\">\n<div class=\"wp-block-group alignwide is-vertical is-content-justification-center is-layout-flex wp-container-core-group-is-layout-c9ee0c5a wp-block-group-is-layout-flex\">\n<div class=\"wp-block-group has-global-padding is-layout-constrained wp-container-core-group-is-layout-2287c683 wp-block-group-is-layout-constrained\">\n<h2 class=\"wp-block-heading has-text-align-center\">Our mission: to protect your business<\/h2>\n\n\n\n<p class=\"has-text-align-center\">We help obliged entities meet AML legal requirements simply and efficiently. Our goal is to provide practical consultancy, training, and process implementation that ensure compliance with current legislation and minimise risks. We believe that prevention is the key to safe and transparent business.<\/p>\n<\/div>\n<\/div>\n<\/div>","protected":false},"excerpt":{"rendered":"<p>Profesion\u00e1ln\u00edporadenstv\u00ed v oblasti prevence pran\u00ed \u0161pinav\u00fdch pen\u011bz Dodr\u017eov\u00e1n\u00ed p\u0159edpis\u016f nen\u00ed jen povinnost, je to z\u00e1klad d\u016fveryhodn\u00e9ho podnik\u00e1n\u00ed. Na\u0161e odborn\u00e9 slu\u017eby v oblasti prevence pran\u00ed \u0161pinav\u00fdch pen\u011bz (Anti Money Laundering &#8211; AML) V\u00e1m pomohou efektivn\u011b nastavit pot\u0159ebn\u00e9 procesy, splnit regulatorn\u00ed po\u017eadavky a chr\u00e1nit tak reputaci Va\u0161\u00ed spole\u010dnosti. Na\u0161e mise: chr\u00e1nit Va\u0161e podnik\u00e1n\u00ed Pom\u00e1h\u00e1me povinn\u00fdm osob\u00e1m splnit [&hellip;]<\/p>\n","protected":false},"author":1,"featured_media":0,"parent":0,"menu_order":0,"comment_status":"closed","ping_status":"closed","template":"no-title","meta":{"_monsterinsights_skip_tracking":false,"_monsterinsights_sitenote_active":false,"_monsterinsights_sitenote_note":"","_monsterinsights_sitenote_category":0,"_uf_show_specific_survey":0,"_uf_disable_surveys":false,"footnotes":""},"class_list":["post-72","page","type-page","status-publish","hentry"],"aioseo_notices":[],"_links":{"self":[{"href":"https:\/\/amlconsult.cz\/en\/wp-json\/wp\/v2\/pages\/72","targetHints":{"allow":["GET"]}}],"collection":[{"href":"https:\/\/amlconsult.cz\/en\/wp-json\/wp\/v2\/pages"}],"about":[{"href":"https:\/\/amlconsult.cz\/en\/wp-json\/wp\/v2\/types\/page"}],"author":[{"embeddable":true,"href":"https:\/\/amlconsult.cz\/en\/wp-json\/wp\/v2\/users\/1"}],"replies":[{"embeddable":true,"href":"https:\/\/amlconsult.cz\/en\/wp-json\/wp\/v2\/comments?post=72"}],"version-history":[{"count":39,"href":"https:\/\/amlconsult.cz\/en\/wp-json\/wp\/v2\/pages\/72\/revisions"}],"predecessor-version":[{"id":355,"href":"https:\/\/amlconsult.cz\/en\/wp-json\/wp\/v2\/pages\/72\/revisions\/355"}],"wp:attachment":[{"href":"https:\/\/amlconsult.cz\/en\/wp-json\/wp\/v2\/media?parent=72"}],"curies":[{"name":"wp","href":"https:\/\/api.w.org\/{rel}","templated":true}]}}